{"id":626,"date":"2022-03-29T08:40:46","date_gmt":"2022-03-29T08:40:46","guid":{"rendered":"https:\/\/beta.in-reach.info\/?page_id=626"},"modified":"2022-06-23T10:15:51","modified_gmt":"2022-06-23T10:15:51","slug":"individual-entwicklung","status":"publish","type":"page","link":"https:\/\/in-reach.info\/?page_id=626","title":{"rendered":"Individual Entwicklung"},"content":{"rendered":"\n<div class=\"wp-block-getwid-section alignfull alignfull getwid-margin-top-none getwid-margin-bottom-none getwid-section-content-custom-width\"><div class=\"wp-block-getwid-section__wrapper getwid-margin-left-none getwid-margin-right-none getwid-align-items-flex-start\" style=\"padding-top:200px;padding-bottom:50px\"><div class=\"wp-block-getwid-section__inner-wrapper\" style=\"max-width:1256px\"><div class=\"wp-block-getwid-section__background-holder\"><div class=\"wp-block-getwid-section__background\" style=\"background-image:url('https:\/\/in-reach.info\/wp-content\/uploads\/2020\/05\/luca-bravo-XJXWbfSo2f0-unsplash.jpg');background-position:51% 79%\"><div class=\"wp-block-getwid-section__background-image-wrapper\"><img decoding=\"async\" class=\"wp-block-getwid-section__background-image\" src=\"https:\/\/in-reach.info\/wp-content\/uploads\/2020\/05\/luca-bravo-XJXWbfSo2f0-unsplash.jpg\" alt=\"\"\/><\/div><\/div><div class=\"wp-block-getwid-section__foreground\" style=\"opacity:0.74;background-color:#000000;mix-blend-mode:\"><\/div><\/div><div class=\"wp-block-getwid-section__content\"><div class=\"wp-block-getwid-section__inner-content\">\n<div class=\"wp-block-getwid-advanced-heading\" style=\"margin-bottom:30px;margin-top:0px\"><h2 class=\"wp-block-getwid-advanced-heading__content has-text-color\" style=\"text-align:center;color:#ffffff\">Individual Entwicklung<\/h2><\/div>\n\n\n\n<p class=\"has-text-align-center has-text-color\" style=\"color:#ffffff\">Software auf Ihre W\u00fcnsche und Prozesse zugeschnitten. Ganz egal ob es ein Webinterface oder eine Komplette Software ist.<\/p>\n\n\n\n<p><\/p>\n\n\n\n<p><\/p>\n\n\n\n<div class=\"wp-block-getwid-advanced-spacer\" style=\"height:20px\" aria-hidden=\"true\"><\/div>\n<\/div><\/div><\/div><\/div><\/div>\n\n\n\n<div id=\"how\" class=\"wp-block-getwid-section alignfull alignfull getwid-margin-top-none getwid-margin-bottom-none\"><div class=\"wp-block-getwid-section__wrapper getwid-padding-mobile-top-large getwid-padding-mobile-bottom-large getwid-margin-left-none getwid-margin-right-none\" style=\"padding-top:120px;padding-bottom:10px\"><div class=\"wp-block-getwid-section__inner-wrapper\"><div class=\"wp-block-getwid-section__background-holder\"><div class=\"wp-block-getwid-section__background\"><\/div><div class=\"wp-block-getwid-section__foreground\"><\/div><\/div><div class=\"wp-block-getwid-section__content\"><div class=\"wp-block-getwid-section__inner-content\">\n<h2 class=\"has-text-align-center wp-block-heading\">Wie wir Ihre Software gestalten<\/h2>\n\n\n\n<p class=\"has-text-align-center\" id=\"passiert\"><\/p>\n\n\n\n<div class=\"wp-block-getwid-advanced-spacer\" style=\"height:50px\" aria-hidden=\"true\"><\/div>\n\n\n\n<div class=\"wp-block-columns is-layout-flex wp-container-3\">\n<div class=\"wp-block-column is-layout-flow\">\n<div class=\"wp-block-getwid-icon-box has-icon-left has-text-center\"><div class=\"wp-block-getwid-icon-box__icon-container has-layout-stacked is-position-top\"><div class=\"wp-block-getwid-icon-box__icon-wrapper has-text-color has-palette-color-4-color\" style=\"font-size:64px\"><i class=\"fas fa-cubes\"><\/i><\/div><\/div><div class=\"wp-block-getwid-icon-box__content\">\n<h4 class=\"has-text-align-left wp-block-heading\"><strong>Auf ihre<\/strong> Bed\u00fcrfnisse angepasst<\/h4>\n\n\n\n<p class=\"has-text-align-left\">Ihre Individuelle Software wird auf Ihre Bed\u00fcrfnisse und Prozesse Angepasst, dabei ber\u00fccksichtigen wir Ihr Tagesgesch\u00e4ft, Anwender &amp; Gesch\u00e4ftsmodell.<\/p>\n<\/div><\/div>\n<\/div>\n\n\n\n<div class=\"wp-block-column is-layout-flow\">\n<div class=\"wp-block-getwid-icon-box has-icon-left has-text-center\"><div class=\"wp-block-getwid-icon-box__icon-container has-layout-stacked is-position-top\"><div class=\"wp-block-getwid-icon-box__icon-wrapper has-text-color has-palette-color-4-color\" style=\"font-size:64px\"><i class=\"fab fa-500px\"><\/i><\/div><\/div><div class=\"wp-block-getwid-icon-box__content\">\n<h4 class=\"has-text-align-left wp-block-heading\"><strong><strong>Sicherheit &amp; Datenschutz an Erster Stelle<\/strong><\/strong><\/h4>\n\n\n\n<p class=\"has-text-align-left\">Wir achten beim erstellen der Software sehr genau auf geltende Datenschutzbestimmungen und gestalten die Software so dass keine Pers\u00f6nliche Daten an dritte weitergegeben werden.<\/p>\n<\/div><\/div>\n<\/div>\n<\/div>\n\n\n\n<div class=\"wp-block-columns is-layout-flex wp-container-6\">\n<div class=\"wp-block-column is-layout-flow\">\n<div class=\"wp-block-getwid-icon-box has-icon-left has-text-center\"><div class=\"wp-block-getwid-icon-box__icon-container has-layout-stacked is-position-top\"><div class=\"wp-block-getwid-icon-box__icon-wrapper has-text-color has-palette-color-4-color\" style=\"font-size:64px\"><i class=\"fas fa-universal-access\"><\/i><\/div><\/div><div class=\"wp-block-getwid-icon-box__content\">\n<h4 class=\"has-text-align-left wp-block-heading\"><strong><strong>Endnutzer Orientiert<\/strong><\/strong><\/h4>\n\n\n\n<p class=\"has-text-align-left\">Sie brauchen kein Bachelor um unsere Software zu verstehen und bedienen zu k\u00f6nnen, unser Benutzerfreundliches UI ist selbsterkl\u00e4rend und Aussagekr\u00e4ftig.<\/p>\n<\/div><\/div>\n<\/div>\n\n\n\n<div class=\"wp-block-column is-layout-flow\">\n<div class=\"wp-block-getwid-icon-box has-icon-left has-text-center\"><div class=\"wp-block-getwid-icon-box__icon-container has-layout-stacked is-position-top\"><div class=\"wp-block-getwid-icon-box__icon-wrapper has-text-color has-palette-color-4-color\" style=\"font-size:64px\"><i class=\"fas fa-cloud-upload-alt\"><\/i><\/div><\/div><div class=\"wp-block-getwid-icon-box__content\">\n<h4 class=\"has-text-align-left wp-block-heading\"><strong><strong><strong>Wir lassen Sie nicht h\u00e4ngen<\/strong><\/strong><\/strong><\/h4>\n\n\n\n<p class=\"has-text-align-left\">0815 Software verkaufen kann jeder. Wir bauen Ihre Software gemeinsam mit Ihnen aus, und Verbessern sie kontinuierlich. Software as a Service Konzept. <\/p>\n<\/div><\/div>\n<\/div>\n<\/div>\n<\/div><\/div><\/div><\/div><\/div>\n\n\n\n<div id=\"how\" class=\"wp-block-getwid-section alignfull alignfull getwid-margin-top-none getwid-margin-bottom-none\"><div class=\"wp-block-getwid-section__wrapper getwid-padding-mobile-top-large getwid-padding-mobile-bottom-large getwid-margin-left-none getwid-margin-right-none\" style=\"padding-top:100px;padding-bottom:150px\"><div class=\"wp-block-getwid-section__inner-wrapper\"><div class=\"wp-block-getwid-section__background-holder\"><div class=\"wp-block-getwid-section__background\"><\/div><div class=\"wp-block-getwid-section__foreground\"><\/div><\/div><div class=\"wp-block-getwid-section__content\"><div class=\"wp-block-getwid-section__inner-content\">\n<h2 class=\"has-text-align-center wp-block-heading\">Sie ben\u00f6tigen Unterst\u00fctzung bei der Entwicklung ?<\/h2>\n\n\n\n<p class=\"has-text-align-center\" id=\"passiert\">Gerne unterst\u00fctzen wir Sie bei der Weiterentwicklung von vorhandener Software, kontaktieren Sie uns diesbez\u00fcglich und wir Arbeiten mit Ihnen eine Angebot aus.<\/p>\n<\/div><\/div><\/div><\/div><\/div>\n\n\n\n<p><\/p>\n","protected":false},"excerpt":{"rendered":"","protected":false},"author":1,"featured_media":0,"parent":539,"menu_order":0,"comment_status":"closed","ping_status":"closed","template":"","meta":[],"blocksy_meta":{"page_title_panel":"","has_hero_section":"disabled","eea4399b5f383c8bc3755283e7ce2375":"","hero_section":"type-1","hero_elements":[{"id":"custom_title","enabled":true,"heading_tag":"h1","title":"Home"},{"id":"custom_description","enabled":true,"description_visibility":{"desktop":true,"tablet":true,"mobile":false}},{"id":"custom_meta","enabled":true,"has_meta_avatar":"yes","single_meta_elements":{"author":false,"date":false,"categories":false,"comments":false,"updated":false,"tags":false},"page_meta_elements":{"joined":true,"articles_count":true,"comments":true}},{"id":"breadcrumbs","enabled":false}],"308583fd992358cce14e6f907aaf87d7":"","hero_alignment1":"left","hero_alignment2":"center","hero_height":"230px","page_title_bg_type":"color","custom_hero_background":{"attachment_id":null},"parallax":{"desktop":false,"tablet":false,"mobile":false},"pageTitleFont":{"family":"Default","variation":"Default","size":{"desktop":"32px","tablet":"30px","mobile":"25px"},"line-height":"1.3","letter-spacing":"CT_CSS_SKIP_RULE","text-transform":"CT_CSS_SKIP_RULE","text-decoration":"CT_CSS_SKIP_RULE"},"pageTitleFontColor":{"default":{"color":"CT_CSS_SKIP_RULEDEFAULT"}},"pageMetaFont":{"family":"Default","variation":"n6","size":{"desktop":"12px","tablet":"12px","mobile":"12px"},"line-height":"1.3","letter-spacing":"CT_CSS_SKIP_RULE","text-transform":"uppercase","text-decoration":"CT_CSS_SKIP_RULE"},"pageMetaFontColor":{"default":{"color":"CT_CSS_SKIP_RULEDEFAULT"},"hover":{"color":"CT_CSS_SKIP_RULEDEFAULT"}},"pageExcerptFont":{"family":"Default","variation":"n5","size":"CT_CSS_SKIP_RULE","line-height":"CT_CSS_SKIP_RULE","letter-spacing":"CT_CSS_SKIP_RULE","text-transform":"CT_CSS_SKIP_RULE","text-decoration":"CT_CSS_SKIP_RULE"},"pageExcerptColor":{"default":{"color":"CT_CSS_SKIP_RULEDEFAULT"}},"breadcrumbsFont":{"family":"Default","variation":"n6","size":"12px","line-height":"CT_CSS_SKIP_RULE","letter-spacing":"CT_CSS_SKIP_RULE","text-transform":"uppercase","text-decoration":"CT_CSS_SKIP_RULE"},"breadcrumbsFontColor":{"default":{"color":"CT_CSS_SKIP_RULEDEFAULT"},"initial":{"color":"CT_CSS_SKIP_RULEDEFAULT"},"hover":{"color":"CT_CSS_SKIP_RULEDEFAULT"}},"pageTitleOverlay":{"default":{"color":"rgba(41, 51, 60, 0.2)"}},"pageTitleBackground":{"background_type":"color","background_pattern":"type-1","background_image":{"attachment_id":null,"x":0,"y":0},"background_repeat":"no-repeat","background_size":"auto","background_attachment":"scroll","patternColor":{"default":{"color":"#e5e7ea"}},"backgroundColor":{"default":{"color":"#EDEFF2"}}},"4042796eccbef32dec9e3e2284116f97":"","page_structure_type":"default","page_enable_vertical_spacing":"no","e802d5b832fa72c9f24aba6a100ddd9a":"","disable_featured_image":"no","ddaf8212b14a073d074edfaec2ad5d47":"","ad72c7c57d199e4e4e974ef37d177094":"","hero_structure":"narrow","b5da4fbb4e0037efb80e6fb2636c83b2":"","content_style":"inherit","vertical_spacing_source":"custom","content_area_spacing":"none","background":{"background_type":"color","background_pattern":"type-1","background_image":{"attachment_id":null,"x":0,"y":0},"background_repeat":"no-repeat","background_size":"auto","background_attachment":"scroll","patternColor":{"default":{"color":"#e5e7ea"}},"backgroundColor":{"default":{"color":"CT_CSS_SKIP_RULE"}}},"content_background":{"background_type":"color","background_pattern":"type-1","background_image":{"attachment_id":null,"x":0,"y":0},"background_repeat":"no-repeat","background_size":"auto","background_attachment":"scroll","patternColor":{"default":{"color":"#e5e7ea"}},"backgroundColor":{"default":{"color":"#ffffff"}}},"content_boxed_spacing":{"desktop":"40px","tablet":"35px","mobile":"20px"},"content_boxed_radius":{"top":"3px","bottom":"3px","left":"3px","right":"3px","linked":true},"content_boxed_shadow":{"blur":18,"spread":-6,"v_offset":12,"h_offset":0,"inset":false,"enable":true,"color":{"color":"rgba(34, 56, 101, 0.04)"}},"13624d21c49f030a85d3052ac7768af0":"","styles_descriptor":{"styles":{"desktop":"","tablet":"","mobile":""},"google_fonts":[],"version":5}},"yoast_head":"<!-- This site is optimized with the Yoast SEO plugin v21.8.1 - https:\/\/yoast.com\/wordpress\/plugins\/seo\/ -->\n<title>Individual Entwicklung - In-Reach<\/title>\n<meta name=\"robots\" content=\"index, follow, max-snippet:-1, max-image-preview:large, max-video-preview:-1\" \/>\n<link rel=\"canonical\" href=\"https:\/\/in-reach.info\/?page_id=626\" \/>\n<meta property=\"og:locale\" content=\"de_DE\" \/>\n<meta property=\"og:type\" content=\"article\" \/>\n<meta property=\"og:title\" content=\"Individual Entwicklung - In-Reach\" \/>\n<meta property=\"og:url\" content=\"https:\/\/in-reach.info\/?page_id=626\" \/>\n<meta property=\"og:site_name\" content=\"In-Reach\" \/>\n<meta property=\"article:modified_time\" content=\"2022-06-23T10:15:51+00:00\" \/>\n<meta property=\"og:image\" content=\"https:\/\/in-reach.info\/wp-content\/uploads\/2020\/05\/luca-bravo-XJXWbfSo2f0-unsplash.jpg\" \/>\n<meta name=\"twitter:card\" content=\"summary_large_image\" \/>\n<meta name=\"twitter:label1\" content=\"Gesch\u00e4tzte Lesezeit\" \/>\n\t<meta name=\"twitter:data1\" content=\"1\u00a0Minute\" \/>\n<script type=\"application\/ld+json\" class=\"yoast-schema-graph\">{\"@context\":\"https:\/\/schema.org\",\"@graph\":[{\"@type\":\"WebPage\",\"@id\":\"https:\/\/in-reach.info\/?page_id=626\",\"url\":\"https:\/\/in-reach.info\/?page_id=626\",\"name\":\"Individual Entwicklung - In-Reach\",\"isPartOf\":{\"@id\":\"https:\/\/in-reach.info\/#website\"},\"datePublished\":\"2022-03-29T08:40:46+00:00\",\"dateModified\":\"2022-06-23T10:15:51+00:00\",\"breadcrumb\":{\"@id\":\"https:\/\/in-reach.info\/?page_id=626#breadcrumb\"},\"inLanguage\":\"de\",\"potentialAction\":[{\"@type\":\"ReadAction\",\"target\":[\"https:\/\/in-reach.info\/?page_id=626\"]}]},{\"@type\":\"BreadcrumbList\",\"@id\":\"https:\/\/in-reach.info\/?page_id=626#breadcrumb\",\"itemListElement\":[{\"@type\":\"ListItem\",\"position\":1,\"name\":\"Startseite\",\"item\":\"https:\/\/in-reach.info\/\"},{\"@type\":\"ListItem\",\"position\":2,\"name\":\"Leistungen\",\"item\":\"https:\/\/in-reach.info\/?page_id=539\"},{\"@type\":\"ListItem\",\"position\":3,\"name\":\"Individual Entwicklung\"}]},{\"@type\":\"WebSite\",\"@id\":\"https:\/\/in-reach.info\/#website\",\"url\":\"https:\/\/in-reach.info\/\",\"name\":\"In-Reach\",\"description\":\"Wir digitalisieren Ihr Unternehmen\",\"publisher\":{\"@id\":\"https:\/\/in-reach.info\/#organization\"},\"potentialAction\":[{\"@type\":\"SearchAction\",\"target\":{\"@type\":\"EntryPoint\",\"urlTemplate\":\"https:\/\/in-reach.info\/?s={search_term_string}\"},\"query-input\":\"required name=search_term_string\"}],\"inLanguage\":\"de\"},{\"@type\":\"Organization\",\"@id\":\"https:\/\/in-reach.info\/#organization\",\"name\":\"In-Reach\",\"url\":\"https:\/\/in-reach.info\/\",\"logo\":{\"@type\":\"ImageObject\",\"inLanguage\":\"de\",\"@id\":\"https:\/\/in-reach.info\/#\/schema\/logo\/image\/\",\"url\":\"https:\/\/in-reach.info\/wp-content\/uploads\/2022\/06\/MicrosoftTeams-image-8.png\",\"contentUrl\":\"https:\/\/in-reach.info\/wp-content\/uploads\/2022\/06\/MicrosoftTeams-image-8.png\",\"width\":4000,\"height\":925,\"caption\":\"In-Reach\"},\"image\":{\"@id\":\"https:\/\/in-reach.info\/#\/schema\/logo\/image\/\"}}]}<\/script>\n<!-- \/ Yoast SEO plugin. -->","yoast_head_json":{"title":"Individual Entwicklung - In-Reach","robots":{"index":"index","follow":"follow","max-snippet":"max-snippet:-1","max-image-preview":"max-image-preview:large","max-video-preview":"max-video-preview:-1"},"canonical":"https:\/\/in-reach.info\/?page_id=626","og_locale":"de_DE","og_type":"article","og_title":"Individual Entwicklung - In-Reach","og_url":"https:\/\/in-reach.info\/?page_id=626","og_site_name":"In-Reach","article_modified_time":"2022-06-23T10:15:51+00:00","og_image":[{"url":"https:\/\/in-reach.info\/wp-content\/uploads\/2020\/05\/luca-bravo-XJXWbfSo2f0-unsplash.jpg"}],"twitter_card":"summary_large_image","twitter_misc":{"Gesch\u00e4tzte Lesezeit":"1\u00a0Minute"},"schema":{"@context":"https:\/\/schema.org","@graph":[{"@type":"WebPage","@id":"https:\/\/in-reach.info\/?page_id=626","url":"https:\/\/in-reach.info\/?page_id=626","name":"Individual Entwicklung - In-Reach","isPartOf":{"@id":"https:\/\/in-reach.info\/#website"},"datePublished":"2022-03-29T08:40:46+00:00","dateModified":"2022-06-23T10:15:51+00:00","breadcrumb":{"@id":"https:\/\/in-reach.info\/?page_id=626#breadcrumb"},"inLanguage":"de","potentialAction":[{"@type":"ReadAction","target":["https:\/\/in-reach.info\/?page_id=626"]}]},{"@type":"BreadcrumbList","@id":"https:\/\/in-reach.info\/?page_id=626#breadcrumb","itemListElement":[{"@type":"ListItem","position":1,"name":"Startseite","item":"https:\/\/in-reach.info\/"},{"@type":"ListItem","position":2,"name":"Leistungen","item":"https:\/\/in-reach.info\/?page_id=539"},{"@type":"ListItem","position":3,"name":"Individual Entwicklung"}]},{"@type":"WebSite","@id":"https:\/\/in-reach.info\/#website","url":"https:\/\/in-reach.info\/","name":"In-Reach","description":"Wir digitalisieren Ihr Unternehmen","publisher":{"@id":"https:\/\/in-reach.info\/#organization"},"potentialAction":[{"@type":"SearchAction","target":{"@type":"EntryPoint","urlTemplate":"https:\/\/in-reach.info\/?s={search_term_string}"},"query-input":"required name=search_term_string"}],"inLanguage":"de"},{"@type":"Organization","@id":"https:\/\/in-reach.info\/#organization","name":"In-Reach","url":"https:\/\/in-reach.info\/","logo":{"@type":"ImageObject","inLanguage":"de","@id":"https:\/\/in-reach.info\/#\/schema\/logo\/image\/","url":"https:\/\/in-reach.info\/wp-content\/uploads\/2022\/06\/MicrosoftTeams-image-8.png","contentUrl":"https:\/\/in-reach.info\/wp-content\/uploads\/2022\/06\/MicrosoftTeams-image-8.png","width":4000,"height":925,"caption":"In-Reach"},"image":{"@id":"https:\/\/in-reach.info\/#\/schema\/logo\/image\/"}}]}},"_links":{"self":[{"href":"https:\/\/in-reach.info\/index.php?rest_route=\/wp\/v2\/pages\/626"}],"collection":[{"href":"https:\/\/in-reach.info\/index.php?rest_route=\/wp\/v2\/pages"}],"about":[{"href":"https:\/\/in-reach.info\/index.php?rest_route=\/wp\/v2\/types\/page"}],"author":[{"embeddable":true,"href":"https:\/\/in-reach.info\/index.php?rest_route=\/wp\/v2\/users\/1"}],"replies":[{"embeddable":true,"href":"https:\/\/in-reach.info\/index.php?rest_route=%2Fwp%2Fv2%2Fcomments&post=626"}],"version-history":[{"count":12,"href":"https:\/\/in-reach.info\/index.php?rest_route=\/wp\/v2\/pages\/626\/revisions"}],"predecessor-version":[{"id":856,"href":"https:\/\/in-reach.info\/index.php?rest_route=\/wp\/v2\/pages\/626\/revisions\/856"}],"up":[{"embeddable":true,"href":"https:\/\/in-reach.info\/index.php?rest_route=\/wp\/v2\/pages\/539"}],"wp:attachment":[{"href":"https:\/\/in-reach.info\/index.php?rest_route=%2Fwp%2Fv2%2Fmedia&parent=626"}],"curies":[{"name":"wp","href":"https:\/\/api.w.org\/{rel}","templated":true}]}}