{"id":512,"date":"2022-03-28T08:50:52","date_gmt":"2022-03-28T08:50:52","guid":{"rendered":"https:\/\/beta.in-reach.info\/?page_id=512"},"modified":"2022-03-28T08:54:16","modified_gmt":"2022-03-28T08:54:16","slug":"impressum","status":"publish","type":"page","link":"https:\/\/in-reach.info\/?page_id=512","title":{"rendered":"Impressum"},"content":{"rendered":"\n<h6 class=\"wp-block-heading\">Angaben gem\u00e4\u00df \u00a7 5 TMG<\/h6>\n\n\n\n<p>in-Reach UG (haftungsbeschr\u00e4nkt) &amp; Co. KG&nbsp;<br>Tiergartenstr. 26&nbsp;<br>96123 Litzendorf<\/p>\n\n\n\n<p>Registergericht Bamberg \u2013 HRA 12484&nbsp;<br>Steuernummer: 207\/164\/06602&nbsp;<br>USt-IdNr.: DE323066075&nbsp;<br>D-U-N-S\u00ae Nummer. 315227196<\/p>\n\n\n\n<h6 class=\"wp-block-heading\">Vertreten durch die pers\u00f6nlich haftende Gesellschafterin:<\/h6>\n\n\n\n<p>in-Reach Verwaltungs UG (haftungsbeschr\u00e4nkt)&nbsp;<br>Tiergartenstr. 26&nbsp;<br>96123 Litzendorf<\/p>\n\n\n\n<p>Vertreten durch die Gesch\u00e4ftsf\u00fchrer Arkadius Schel und Sebastian Caliebe<\/p>\n\n\n\n<p>Registergericht Bamberg \u2013 HRB 9516&nbsp;<br>Steuernummer: 207\/129\/21138<\/p>\n\n\n\n<h6 class=\"wp-block-heading\">Kontakt:&nbsp;<\/h6>\n\n\n\n<p>E-Mail: info@in-reach.de&nbsp;<br>Telefon: +49 9505 806 6978&nbsp;<br>Fax: +49 9505 807 0512<\/p>\n","protected":false},"excerpt":{"rendered":"<p>Angaben gem\u00e4\u00df \u00a7 5 TMG in-Reach UG (haftungsbeschr\u00e4nkt) &amp; Co. KG&nbsp;Tiergartenstr. 26&nbsp;96123 Litzendorf Registergericht Bamberg \u2013 HRA 12484&nbsp;Steuernummer: 207\/164\/06602&nbsp;USt-IdNr.: DE323066075&nbsp;D-U-N-S\u00ae Nummer. 315227196 Vertreten durch die pers\u00f6nlich haftende Gesellschafterin: in-Reach Verwaltungs UG (haftungsbeschr\u00e4nkt)&nbsp;Tiergartenstr. 26&nbsp;96123 Litzendorf Vertreten durch die Gesch\u00e4ftsf\u00fchrer Arkadius Schel und Sebastian Caliebe Registergericht Bamberg \u2013 HRB 9516&nbsp;Steuernummer: 207\/129\/21138 Kontakt:&nbsp; E-Mail: info@in-reach.de&nbsp;Telefon: +49 9505 806 6978&nbsp;Fax: +49 9505 807 0512<\/p>\n","protected":false},"author":1,"featured_media":0,"parent":0,"menu_order":0,"comment_status":"closed","ping_status":"closed","template":"","meta":[],"blocksy_meta":{"styles_descriptor":{"styles":{"desktop":"","tablet":"","mobile":""},"google_fonts":[],"version":5}},"yoast_head":"<!-- This site is optimized with the Yoast SEO plugin v21.8.1 - https:\/\/yoast.com\/wordpress\/plugins\/seo\/ -->\n<title>Impressum - In-Reach<\/title>\n<meta name=\"robots\" content=\"index, follow, max-snippet:-1, max-image-preview:large, max-video-preview:-1\" \/>\n<link rel=\"canonical\" href=\"https:\/\/in-reach.info\/?page_id=512\" \/>\n<meta property=\"og:locale\" content=\"de_DE\" \/>\n<meta property=\"og:type\" content=\"article\" \/>\n<meta property=\"og:title\" content=\"Impressum - In-Reach\" \/>\n<meta property=\"og:description\" content=\"Angaben gem\u00e4\u00df \u00a7 5 TMG in-Reach UG (haftungsbeschr\u00e4nkt) &amp; Co. KG&nbsp;Tiergartenstr. 26&nbsp;96123 Litzendorf Registergericht Bamberg \u2013 HRA 12484&nbsp;Steuernummer: 207\/164\/06602&nbsp;USt-IdNr.: DE323066075&nbsp;D-U-N-S\u00ae Nummer. 315227196 Vertreten durch die pers\u00f6nlich haftende Gesellschafterin: in-Reach Verwaltungs UG (haftungsbeschr\u00e4nkt)&nbsp;Tiergartenstr. 26&nbsp;96123 Litzendorf Vertreten durch die Gesch\u00e4ftsf\u00fchrer Arkadius Schel und Sebastian Caliebe Registergericht Bamberg \u2013 HRB 9516&nbsp;Steuernummer: 207\/129\/21138 Kontakt:&nbsp; E-Mail: info@in-reach.de&nbsp;Telefon: +49 9505 806 6978&nbsp;Fax: +49 9505 807 0512\" \/>\n<meta property=\"og:url\" content=\"https:\/\/in-reach.info\/?page_id=512\" \/>\n<meta property=\"og:site_name\" content=\"In-Reach\" \/>\n<meta property=\"article:modified_time\" content=\"2022-03-28T08:54:16+00:00\" \/>\n<meta name=\"twitter:card\" content=\"summary_large_image\" \/>\n<meta name=\"twitter:label1\" content=\"Gesch\u00e4tzte Lesezeit\" \/>\n\t<meta name=\"twitter:data1\" content=\"1\u00a0Minute\" \/>\n<script type=\"application\/ld+json\" class=\"yoast-schema-graph\">{\"@context\":\"https:\/\/schema.org\",\"@graph\":[{\"@type\":\"WebPage\",\"@id\":\"https:\/\/in-reach.info\/?page_id=512\",\"url\":\"https:\/\/in-reach.info\/?page_id=512\",\"name\":\"Impressum - In-Reach\",\"isPartOf\":{\"@id\":\"https:\/\/in-reach.info\/#website\"},\"datePublished\":\"2022-03-28T08:50:52+00:00\",\"dateModified\":\"2022-03-28T08:54:16+00:00\",\"breadcrumb\":{\"@id\":\"https:\/\/in-reach.info\/?page_id=512#breadcrumb\"},\"inLanguage\":\"de\",\"potentialAction\":[{\"@type\":\"ReadAction\",\"target\":[\"https:\/\/in-reach.info\/?page_id=512\"]}]},{\"@type\":\"BreadcrumbList\",\"@id\":\"https:\/\/in-reach.info\/?page_id=512#breadcrumb\",\"itemListElement\":[{\"@type\":\"ListItem\",\"position\":1,\"name\":\"Startseite\",\"item\":\"https:\/\/in-reach.info\/\"},{\"@type\":\"ListItem\",\"position\":2,\"name\":\"Impressum\"}]},{\"@type\":\"WebSite\",\"@id\":\"https:\/\/in-reach.info\/#website\",\"url\":\"https:\/\/in-reach.info\/\",\"name\":\"In-Reach\",\"description\":\"Wir digitalisieren Ihr Unternehmen\",\"publisher\":{\"@id\":\"https:\/\/in-reach.info\/#organization\"},\"potentialAction\":[{\"@type\":\"SearchAction\",\"target\":{\"@type\":\"EntryPoint\",\"urlTemplate\":\"https:\/\/in-reach.info\/?s={search_term_string}\"},\"query-input\":\"required name=search_term_string\"}],\"inLanguage\":\"de\"},{\"@type\":\"Organization\",\"@id\":\"https:\/\/in-reach.info\/#organization\",\"name\":\"In-Reach\",\"url\":\"https:\/\/in-reach.info\/\",\"logo\":{\"@type\":\"ImageObject\",\"inLanguage\":\"de\",\"@id\":\"https:\/\/in-reach.info\/#\/schema\/logo\/image\/\",\"url\":\"https:\/\/in-reach.info\/wp-content\/uploads\/2022\/06\/MicrosoftTeams-image-8.png\",\"contentUrl\":\"https:\/\/in-reach.info\/wp-content\/uploads\/2022\/06\/MicrosoftTeams-image-8.png\",\"width\":4000,\"height\":925,\"caption\":\"In-Reach\"},\"image\":{\"@id\":\"https:\/\/in-reach.info\/#\/schema\/logo\/image\/\"}}]}<\/script>\n<!-- \/ Yoast SEO plugin. -->","yoast_head_json":{"title":"Impressum - In-Reach","robots":{"index":"index","follow":"follow","max-snippet":"max-snippet:-1","max-image-preview":"max-image-preview:large","max-video-preview":"max-video-preview:-1"},"canonical":"https:\/\/in-reach.info\/?page_id=512","og_locale":"de_DE","og_type":"article","og_title":"Impressum - In-Reach","og_description":"Angaben gem\u00e4\u00df \u00a7 5 TMG in-Reach UG (haftungsbeschr\u00e4nkt) &amp; Co. KG&nbsp;Tiergartenstr. 26&nbsp;96123 Litzendorf Registergericht Bamberg \u2013 HRA 12484&nbsp;Steuernummer: 207\/164\/06602&nbsp;USt-IdNr.: DE323066075&nbsp;D-U-N-S\u00ae Nummer. 315227196 Vertreten durch die pers\u00f6nlich haftende Gesellschafterin: in-Reach Verwaltungs UG (haftungsbeschr\u00e4nkt)&nbsp;Tiergartenstr. 26&nbsp;96123 Litzendorf Vertreten durch die Gesch\u00e4ftsf\u00fchrer Arkadius Schel und Sebastian Caliebe Registergericht Bamberg \u2013 HRB 9516&nbsp;Steuernummer: 207\/129\/21138 Kontakt:&nbsp; E-Mail: info@in-reach.de&nbsp;Telefon: +49 9505 806 6978&nbsp;Fax: +49 9505 807 0512","og_url":"https:\/\/in-reach.info\/?page_id=512","og_site_name":"In-Reach","article_modified_time":"2022-03-28T08:54:16+00:00","twitter_card":"summary_large_image","twitter_misc":{"Gesch\u00e4tzte Lesezeit":"1\u00a0Minute"},"schema":{"@context":"https:\/\/schema.org","@graph":[{"@type":"WebPage","@id":"https:\/\/in-reach.info\/?page_id=512","url":"https:\/\/in-reach.info\/?page_id=512","name":"Impressum - In-Reach","isPartOf":{"@id":"https:\/\/in-reach.info\/#website"},"datePublished":"2022-03-28T08:50:52+00:00","dateModified":"2022-03-28T08:54:16+00:00","breadcrumb":{"@id":"https:\/\/in-reach.info\/?page_id=512#breadcrumb"},"inLanguage":"de","potentialAction":[{"@type":"ReadAction","target":["https:\/\/in-reach.info\/?page_id=512"]}]},{"@type":"BreadcrumbList","@id":"https:\/\/in-reach.info\/?page_id=512#breadcrumb","itemListElement":[{"@type":"ListItem","position":1,"name":"Startseite","item":"https:\/\/in-reach.info\/"},{"@type":"ListItem","position":2,"name":"Impressum"}]},{"@type":"WebSite","@id":"https:\/\/in-reach.info\/#website","url":"https:\/\/in-reach.info\/","name":"In-Reach","description":"Wir digitalisieren Ihr Unternehmen","publisher":{"@id":"https:\/\/in-reach.info\/#organization"},"potentialAction":[{"@type":"SearchAction","target":{"@type":"EntryPoint","urlTemplate":"https:\/\/in-reach.info\/?s={search_term_string}"},"query-input":"required name=search_term_string"}],"inLanguage":"de"},{"@type":"Organization","@id":"https:\/\/in-reach.info\/#organization","name":"In-Reach","url":"https:\/\/in-reach.info\/","logo":{"@type":"ImageObject","inLanguage":"de","@id":"https:\/\/in-reach.info\/#\/schema\/logo\/image\/","url":"https:\/\/in-reach.info\/wp-content\/uploads\/2022\/06\/MicrosoftTeams-image-8.png","contentUrl":"https:\/\/in-reach.info\/wp-content\/uploads\/2022\/06\/MicrosoftTeams-image-8.png","width":4000,"height":925,"caption":"In-Reach"},"image":{"@id":"https:\/\/in-reach.info\/#\/schema\/logo\/image\/"}}]}},"_links":{"self":[{"href":"https:\/\/in-reach.info\/index.php?rest_route=\/wp\/v2\/pages\/512"}],"collection":[{"href":"https:\/\/in-reach.info\/index.php?rest_route=\/wp\/v2\/pages"}],"about":[{"href":"https:\/\/in-reach.info\/index.php?rest_route=\/wp\/v2\/types\/page"}],"author":[{"embeddable":true,"href":"https:\/\/in-reach.info\/index.php?rest_route=\/wp\/v2\/users\/1"}],"replies":[{"embeddable":true,"href":"https:\/\/in-reach.info\/index.php?rest_route=%2Fwp%2Fv2%2Fcomments&post=512"}],"version-history":[{"count":3,"href":"https:\/\/in-reach.info\/index.php?rest_route=\/wp\/v2\/pages\/512\/revisions"}],"predecessor-version":[{"id":518,"href":"https:\/\/in-reach.info\/index.php?rest_route=\/wp\/v2\/pages\/512\/revisions\/518"}],"wp:attachment":[{"href":"https:\/\/in-reach.info\/index.php?rest_route=%2Fwp%2Fv2%2Fmedia&parent=512"}],"curies":[{"name":"wp","href":"https:\/\/api.w.org\/{rel}","templated":true}]}}