{"id":482,"date":"2022-03-26T16:21:02","date_gmt":"2022-03-26T16:21:02","guid":{"rendered":"https:\/\/beta.in-reach.info\/?page_id=482"},"modified":"2022-06-23T10:16:12","modified_gmt":"2022-06-23T10:16:12","slug":"karriere","status":"publish","type":"page","link":"https:\/\/in-reach.info\/?page_id=482","title":{"rendered":"Karriere"},"content":{"rendered":"\n<div class=\"wp-block-getwid-section alignfull alignfull getwid-margin-top-none getwid-margin-bottom-none getwid-section-content-custom-width\"><div class=\"wp-block-getwid-section__wrapper getwid-margin-left-none getwid-margin-right-none\" style=\"padding-top:250px;padding-bottom:150px\"><div class=\"wp-block-getwid-section__inner-wrapper\" style=\"max-width:700px\"><div class=\"wp-block-getwid-section__background-holder\"><div class=\"wp-block-getwid-section__background\" style=\"background-image:url('https:\/\/in-reach.info\/wp-content\/uploads\/2022\/03\/data-technology-blue-background-with-hacker-remixed-media-scaled.jpg');background-repeat:repeat;background-size:auto\"><div class=\"wp-block-getwid-section__background-image-wrapper\"><img decoding=\"async\" class=\"wp-block-getwid-section__background-image\" src=\"https:\/\/in-reach.info\/wp-content\/uploads\/2022\/03\/data-technology-blue-background-with-hacker-remixed-media-scaled.jpg\" alt=\"\"\/><\/div><\/div><div class=\"wp-block-getwid-section__foreground\" style=\"opacity:0.8;background-color:#121619\"><\/div><\/div><div class=\"wp-block-getwid-section__content\"><div class=\"wp-block-getwid-section__inner-content\">\n<div class=\"wp-block-getwid-advanced-heading has-custom-font-size fs-mobile-80\" style=\"font-size:60px\"><h2 class=\"wp-block-getwid-advanced-heading__content has-text-color has-palette-color-5-color\" style=\"text-align:left;line-height:1.2em\">Karriere bei <br>In-Reach<\/h2><\/div>\n<\/div><\/div><\/div><\/div><\/div>\n\n\n\n<div class=\"wp-block-getwid-section alignfull alignfull getwid-margin-top-none getwid-margin-bottom-none\"><div class=\"wp-block-getwid-section__wrapper getwid-padding-mobile-top-large getwid-padding-mobile-bottom-large getwid-margin-left-none getwid-margin-right-none\" style=\"padding-top:148px;padding-bottom:150px\"><div class=\"wp-block-getwid-section__inner-wrapper\"><div class=\"wp-block-getwid-section__background-holder\"><div class=\"wp-block-getwid-section__background\"><\/div><div class=\"wp-block-getwid-section__foreground\"><\/div><\/div><div class=\"wp-block-getwid-section__content\"><div class=\"wp-block-getwid-section__inner-content\">\n<div class=\"wp-block-columns is-layout-flex wp-container-5\">\n<div class=\"wp-block-column is-layout-flow\">\n<h2 class=\"wp-block-heading\">Auf der Suche nach neuen Herausforderungen?<\/h2>\n\n\n\n<p>Wir sind ein junges Unternehmen mit Standorten in Hof und Litzendorf. Seit unserer Gr\u00fcndung im Jahr 2016 unterst\u00fctzen wir unsere Kunden bei der Digitalisierung ihres Unternehmens. Dabei legen wir enormen Wert auf die Erf\u00fcllung s\u00e4mtlicher Teilaspekte des digitalen Prozesses. Als Digital-natives kennen wir die M\u00f6glichkeiten eines funktionierenden digitalen Prozesses und bieten unseren Kunden bei der Unternehmensdigitalisierung einen Partner auf Augenh\u00f6he. <\/p>\n\n\n\n<p>Dich erwartet ein junges und aufgeschlossenes Team von Entwicklern, Integratoren und Projektmanagern. Die traditionelle Arbeitskulter wirst Du bei uns vergeblich suchen den wir sind fest davon \u00fcberzeugt, dass die traditionelle Art der Arbeit eine Revolution ben\u00f6tigt.<\/p>\n\n\n\n<p>Du kannst noch nicht alles, bist daf\u00fcr lernbereit und stellst Dich gerne neuen Herausforderungen? Dann bewirb Dich und lass uns gemeinsam die Zukunft gestalten!<\/p>\n\n\n\n<div class=\"wp-block-columns is-layout-flex wp-container-3\">\n<div class=\"wp-block-column is-layout-flow\" style=\"flex-basis:100%\">\n<div class=\"wp-block-group is-layout-flow\">\n<div class=\"wp-block-getwid-accordion has-icon-left\" data-active-element=\"none\">\n<div class=\"wp-block-getwid-accordion__header-wrapper\"><span class=\"wp-block-getwid-accordion__header\"><a href=\"#\"><span class=\"wp-block-getwid-accordion__header-title\">Vollzeit Backend Entwicker:in am Standort Hof<\/span><span class=\"wp-block-getwid-accordion__icon is-active\"><i class=\"fas fa-plus\"><\/i><\/span><span class=\"wp-block-getwid-accordion__icon is-passive\"><i class=\"fas fa-minus\"><\/i><\/span><\/a><\/span><\/div><div class=\"wp-block-getwid-accordion__content-wrapper\"><div class=\"wp-block-getwid-accordion__content\">\n<p><strong>DEINE AUFGABEN<\/strong><\/p>\n\n\n\n<ul><li>Selbst\u00e4ndige Abwicklung von .Net (C#) basierten Software-Projekten<\/li><li>Pflege und Erweiterung von bestehenden .Net Projekten<\/li><li>Entwicklung und Wartung von Microsoft SQL Datenbanken<\/li><li>Technische Unterst\u00fctzung unseres Vertriebsteams bei der L\u00f6sungsfindung auf Kundenfragen<\/li><li>Support unserer Kunden bei Projektfragen<\/li><li>Umsetzung mobiler Xamarin Anwendungen<\/li><\/ul>\n\n\n\n<p><strong>DEIN PROFIL<\/strong><\/p>\n\n\n\n<ul><li>Praxiserfahrung in der Desktop-Softwareentwicklung mit C#\/WPF<\/li><li>Praxiserfahrung in der Abfrage von Microsoft SQL Datenbanken<\/li><li>Teamf\u00e4higkeit und Zuverl\u00e4ssigkeit<\/li><li>Verantwortungsvolles und qualit\u00e4tsbewusstes Arbeiten<\/li><li>Analytisches, l\u00f6sungsorientiertes Denken und routiniertes Vorgehen<\/li><li><\/li><\/ul>\n\n\n\n<p><strong>WIR BIETEN DIR<\/strong><\/p>\n\n\n\n<ul><li>unbefristetes Arbeitsverh\u00e4ltnis<\/li><li>geregelte Arbeitszeiten<\/li><li>Flexibilit\u00e4t, damit Privates nicht auf der Strecke bleibt<\/li><li>spannende Projekte namhafter Kunden<\/li><li>abwechslungsreiche Aufgaben<\/li><li>Modernes Arbeitsumfeld mit sehr guten M\u00f6glichkeiten sich weiterzuentwickeln<\/li><li>Mitarbeitervorteilsprogramm, Parkpl\u00e4tze und eine sehr gute Verkehrsanbindung zum \u00f6ffentlichen Nahverkehr<\/li><li>Sport- und Fitnessangebote, kostenlose Kaltgetr\u00e4nke, Tee und Kaffee<\/li><\/ul>\n\n\n\n<p><\/p>\n<\/div><\/div>\n\n\n\n<div class=\"wp-block-getwid-accordion__header-wrapper\"><span class=\"wp-block-getwid-accordion__header\"><a href=\"#\"><span class=\"wp-block-getwid-accordion__header-title\">Vollzeit Frontend Entwickler:in am Standort Hof<\/span><span class=\"wp-block-getwid-accordion__icon is-active\"><i class=\"fas fa-plus\"><\/i><\/span><span class=\"wp-block-getwid-accordion__icon is-passive\"><i class=\"fas fa-minus\"><\/i><\/span><\/a><\/span><\/div><div class=\"wp-block-getwid-accordion__content-wrapper\"><div class=\"wp-block-getwid-accordion__content\">\n<p><strong>DEINE AUFGABEN<\/strong><\/p>\n\n\n\n<ul><li>Eigenst\u00e4ndige Entwicklung moderner Webapplikationen<\/li><li>Erstellung von Prototypen, Wireframes und Living Styleguides sowie Unterst\u00fctzung bei der technischen Konzeption<\/li><li>Durchf\u00fchrung qualit\u00e4tssichernder Ma\u00dfnahmen einschlie\u00dflich automatisierter Tests und Performanceverbesserungen der Applikationen<\/li><\/ul>\n\n\n\n<p><strong>DEIN PROFIL<\/strong><\/p>\n\n\n\n<ul><li>Praxiserfahrung in der agilen Entwicklung von Webanwendungen und ein grundlegendes Verst\u00e4ndnis des Software-Entwicklungszyklus<\/li><li>Gute Kenntnisse in .NET und JavaScript Frameworks wie Angular, Vue.js, React, Node.js, NestJS, Bootstrap, HTML5, JavaScript, TypeScript<\/li><li>Gesp\u00fcr f\u00fcr ein ansprechendes Design<\/li><li>Begeisterung f\u00fcr aktuelle technologische Trends rund um die Web-Entwicklung<\/li><\/ul>\n\n\n\n<p><strong>WIR BIETEN DIR<\/strong><\/p>\n\n\n\n<ul><li>unbefristetes Arbeitsverh\u00e4ltnis<\/li><li>geregelte Arbeitszeiten<\/li><li>Flexibilit\u00e4t, damit Privates nicht auf der Strecke bleibt<\/li><li>spannende Projekte namhafter Kunden<\/li><li>abwechslungsreiche Aufgaben<\/li><li>M\u00f6glichkeit Dich st\u00e4ndig weiterzuentwickeln<\/li><li>Mitarbeitervorteilsprogramm, Parkpl\u00e4tze und eine sehr gute Verkehrsanbindung zum \u00f6ffentlichen Nahverkehr<\/li><li>Modernes Arbeitsumfeld mit sehr guten M\u00f6glichkeiten sich weiterzuentwickeln<\/li><li>Sport- und Fitnessangebote, kostenlose Kaltgetr\u00e4nke, Tee und Kaffee<\/li><\/ul>\n<\/div><\/div>\n\n\n\n<div class=\"wp-block-getwid-accordion__header-wrapper\"><span class=\"wp-block-getwid-accordion__header\"><a href=\"#\"><span class=\"wp-block-getwid-accordion__header-title\">Vollzeit Office Manager:in \/ Mitarbeiter:in im Bereich Buchhaltung am Standort Hof<\/span><span class=\"wp-block-getwid-accordion__icon is-active\"><i class=\"fas fa-plus\"><\/i><\/span><span class=\"wp-block-getwid-accordion__icon is-passive\"><i class=\"fas fa-minus\"><\/i><\/span><\/a><\/span><\/div><div class=\"wp-block-getwid-accordion__content-wrapper\"><div class=\"wp-block-getwid-accordion__content\">\n<p><strong>DEINE AUFGABEN<\/strong><\/p>\n\n\n\n<ul><li>die vorbereitende Buchhaltung<\/li><li>die Debitoren- und Kreditorenbuchhaltung<\/li><li>die Kontrolle und Buchung von Zahlungsein- und \u2013ausg\u00e4ngen<\/li><li>die Mitarbeit bei Projektabrechnungen, sowie weitere vom Tagesgesch\u00e4ft abh\u00e4ngende Aufgaben in der Finanzbuchhaltung<\/li><\/ul>\n\n\n\n<p><strong>DEIN PROFIL<\/strong><\/p>\n\n\n\n<ul><li>Du verf\u00fcgst \u00fcber eine abgeschlossene Ausbildung im kaufm\u00e4nnischen Bereich oder \u00fcber eine vergleichbare fachliche Qualifikation.<\/li><li>Idealerweise bringst Du einschl\u00e4gige Berufserfahrung in der Buchhaltung eines Unternehmens mit.<\/li><li>Zusatzqualifikationen im Rechnungswesen sind von Vorteil.<\/li><li>Du bist sicher im Umgang mit Buchhaltungsprogrammen und MS Office.<\/li><li>Du arbeitest sorgf\u00e4ltig, selbstst\u00e4ndig und teamorientiert.<\/li><li>Sehr gute Deutsch- und Englischkenntnisse in Wort und Schrift setzen wir voraus.<\/li><\/ul>\n\n\n\n<p><strong>WIR BIETEN DIR<\/strong><\/p>\n\n\n\n<ul><li>geregelte Arbeitszeiten<\/li><li>Flexibilit\u00e4t, damit Privates nicht auf der Strecke bleibt<\/li><li>spannende Projekte namhafter Kunden<\/li><li>abwechslungsreiche Aufgaben<\/li><li>M\u00f6glichkeit Dich st\u00e4ndig weiterzuentwickeln<\/li><li>Mitarbeitervorteilsprogramm, Parkpl\u00e4tze und eine sehr gute Verkehrsanbindung zum \u00f6ffentlichen Nahverkehr<\/li><li>Modernes Arbeitsumfeld mit sehr guten M\u00f6glichkeiten sich weiterzuentwickeln<\/li><li>Sport- und Fitnessangebote, kostenlose Kaltgetr\u00e4nke, Tee und Kaffee<\/li><\/ul>\n<\/div><\/div>\n\n\n\n<div class=\"wp-block-getwid-accordion__header-wrapper\"><span class=\"wp-block-getwid-accordion__header\"><a href=\"#\"><span class=\"wp-block-getwid-accordion__header-title\">Vollzeit Support Mitarbeiter:in am Standort Hof<\/span><span class=\"wp-block-getwid-accordion__icon is-active\"><i class=\"fas fa-plus\"><\/i><\/span><span class=\"wp-block-getwid-accordion__icon is-passive\"><i class=\"fas fa-minus\"><\/i><\/span><\/a><\/span><\/div><div class=\"wp-block-getwid-accordion__content-wrapper\"><div class=\"wp-block-getwid-accordion__content\">\n<p><strong>DEINE AUFGABEN<\/strong><\/p>\n\n\n\n<ul><li>Telefonischer Support unserer Kunden auf Deutsch und Englisch<\/li><li>Eigenst\u00e4ndige Analyse und Identifikation von technischen Problemen und St\u00f6rungen<\/li><li>Anleitung des Kunden zur Fehlersuche und -behebung sowie eigenst\u00e4ndige Behebung von St\u00f6rungen per Remote-Service<\/li><\/ul>\n\n\n\n<p><strong>DEIN PROFIL<\/strong><\/p>\n\n\n\n<ul><li>Technischen Ausbildungsabschluss oder Hochschulabschluss in der Fachrichtung Informatik oder vergleichbar<\/li><li>Kenntnisse in SQL-Datenbanken, Windows Server und Netzwerken<\/li><li>Sichere Englischkenntnisse in Wort und Schrift<\/li><li>L\u00f6sungsorientierte und strukturierte Arbeitsweise sowie schnelle Auffassungsgabe f\u00fcr komplexe, technische und fachliche Zusammenh\u00e4nge<\/li><li>Hohe Servicementalit\u00e4t und Lernbereitschaft<\/li><\/ul>\n\n\n\n<p><strong>WIR BIETEN DIR<\/strong><\/p>\n\n\n\n<ul><li>Flexible Arbeitszeiten inklusive Teilzeitoptionen<\/li><li>Mitarbeitervorteilsprogramm, Parkpl\u00e4tze und eine sehr gute Verkehrsanbindung zum \u00f6ffentlichen Nahverkehr<\/li><li>Modernes Arbeitsumfeld mit sehr guten M\u00f6glichkeiten sich weiterzuentwickeln<\/li><li>Sport- und Fitnessangebote, kostenlose Kaltgetr\u00e4nke, Tee und Kaffee<\/li><\/ul>\n<\/div><\/div>\n\n\n\n<div class=\"wp-block-getwid-accordion__header-wrapper\"><span class=\"wp-block-getwid-accordion__header\"><a href=\"#\"><span class=\"wp-block-getwid-accordion__header-title\">Vollzeit Sales Trainee am Standort Hof<\/span><span class=\"wp-block-getwid-accordion__icon is-active\"><i class=\"fas fa-plus\"><\/i><\/span><span class=\"wp-block-getwid-accordion__icon is-passive\"><i class=\"fas fa-minus\"><\/i><\/span><\/a><\/span><\/div><div class=\"wp-block-getwid-accordion__content-wrapper\"><div class=\"wp-block-getwid-accordion__content\">\n<p><strong>DEINE AUFGABEN<\/strong><\/p>\n\n\n\n<ul><li>Unterst\u00fctzung im Vertrieb unserer Dienstleistungen und Softwarel\u00f6sungen.<\/li><li>Begleitung bei Interessenten- und Kundenbesuchen und Analyse der Bed\u00fcrfnisstruktur der neuen Kunden<\/li><li>Unterst\u00fctzung bei der Erarbeitung einer kundenindividuellen L\u00f6sungen<\/li><li>Kaltakquise basierend auf Adress- und Kontaktdaten inkl. Adressqualifikation und -pflege<\/li><li>Weitere Qualifizierung von Leads, die durch das Marketing \u00fcbergeben werden<\/li><li>Unterst\u00fctzung bei der F\u00fchrung von Verkaufsgespr\u00e4chen, Erl\u00e4uterung der erarbeiteten \u201eSolution\u201c und Durchf\u00fchrung von Produktpr\u00e4sentation<\/li><li>Unterst\u00fctzung bei der Betreuung der Kunden auch nach Auftragsabschluss<\/li><li>Mitwirkung bei der permanenten Analyse hinsichtlich Upselling Potenzial sowie dessen Realisierung<\/li><li>Teilnahme an Fachmessen oder Fachveranstaltungen als Repr\u00e4sentant\/in unserer L\u00f6sungen<\/li><\/ul>\n\n\n\n<p><strong>DEIN PROFIL<\/strong><\/p>\n\n\n\n<ul><li>Klare Vertriebsaffinit\u00e4t, die Du idealerweise bereits im Rahmen von Praktika oder Nebenjobs unter Beweis gestellt hast<\/li><li>Kommunikative und offene Pers\u00f6nlichkeit mit einer hohen Dienstleistungsorientierung und Freude an der Beratung von Kunden<\/li><li>Neugier auf neue, technische Fragestellungen und Spa\u00df bei der Findung bestm\u00f6glicher, kreativer und pragmatischer L\u00f6sungen f\u00fcr unsere Kunden<\/li><li>Selbstst\u00e4ndige, strukturierte und ergebnisorientierte Arbeitsweise sowie ein sicheres Auftreten<\/li><li>Sehr gute MS Office Kenntnisse und eine generelle IT-Affinit\u00e4t<\/li><li>Flexibilit\u00e4t und Reisebereitschaft innerhalb Deutschlands<\/li><li>Flie\u00dfende Deutsch- und sehr gute Englischkenntnisse in Wort und Schrift<\/li><\/ul>\n\n\n\n<p><strong>WIR BIETEN DIR<\/strong><\/p>\n\n\n\n<ul><li>Flexible Arbeitszeiten inklusive Teilzeitoptionen<\/li><li>Mitarbeitervorteilsprogramm, Parkpl\u00e4tze und eine sehr gute Verkehrsanbindung zum \u00f6ffentlichen Nahverkehr<\/li><li>Modernes Arbeitsumfeld mit sehr guten M\u00f6glichkeiten sich weiterzuentwickeln<\/li><li>Sport- und Fitnessangebote, kostenlose Kaltgetr\u00e4nke, Tee und Kaffee<\/li><\/ul>\n<\/div><\/div>\n<\/div>\n<\/div>\n<\/div>\n<\/div>\n<\/div>\n<\/div>\n\n\n\n<div class=\"wp-block-getwid-advanced-spacer\" style=\"height:50px\" aria-hidden=\"true\"><\/div>\n\n\n\n<div class=\"wp-block-columns is-layout-flex wp-container-7\">\n<div class=\"wp-block-column is-layout-flow\"><\/div>\n<\/div>\n<\/div><\/div><\/div><\/div><\/div>\n\n\n\n<div class=\"wp-block-getwid-section alignfull alignfull getwid-margin-top-none getwid-margin-bottom-none\"><div class=\"wp-block-getwid-section__wrapper getwid-padding-mobile-top-large getwid-padding-mobile-bottom-large getwid-margin-left-none getwid-margin-right-none\" style=\"padding-top:150px;padding-bottom:150px\"><div class=\"wp-block-getwid-section__inner-wrapper\"><div class=\"wp-block-getwid-section__background-holder\"><div class=\"wp-block-getwid-section__background has-background\" style=\"background-color:#111518\"><\/div><div class=\"wp-block-getwid-section__foreground\"><\/div><\/div><div class=\"wp-block-getwid-section__content\"><div class=\"wp-block-getwid-section__inner-content\">\n<h2 class=\"has-text-align-center has-palette-color-5-color has-text-color wp-block-heading\">Bewerbungen bitte hier hinschicken<\/h2>\n\n\n\n<p class=\"has-text-align-center has-palette-color-5-color has-text-color\"><\/p>\n\n\n\n<h2 class=\"has-text-align-center has-palette-color-1-color has-text-color wp-block-heading\">bewerbung@in-reach.de<\/h2>\n\n\n\n<p class=\"has-text-align-center has-palette-color-5-color has-text-color\"><strong>in-Reach UG &amp; Co. KG<\/strong> <br><strong>Tiergartenstr. 26, 96123 Litzendorf<\/strong><br><strong>+49 9505 806 6978<\/strong><\/p>\n\n\n\n<div class=\"wp-block-getwid-social-links has-large-spacing has-icons-stacked\"><ul class=\"wp-block-getwid-social-links__list getwid-justify-content-center\"><\/ul><\/div>\n<\/div><\/div><\/div><\/div><\/div>\n","protected":false},"excerpt":{"rendered":"","protected":false},"author":1,"featured_media":0,"parent":0,"menu_order":0,"comment_status":"closed","ping_status":"closed","template":"","meta":[],"blocksy_meta":{"page_title_panel":"","has_hero_section":"disabled","627be333728ef8dba7f218a59e1ea146":"","hero_section":"type-1","hero_elements":[{"id":"custom_title","enabled":true,"heading_tag":"h1","title":"Home"},{"id":"custom_description","enabled":true,"description_visibility":{"desktop":true,"tablet":true,"mobile":false}},{"id":"custom_meta","enabled":true,"has_meta_avatar":"yes","single_meta_elements":{"author":false,"date":false,"categories":false,"comments":false,"updated":false,"tags":false},"page_meta_elements":{"joined":true,"articles_count":true,"comments":true}},{"id":"breadcrumbs","enabled":false}],"1a0793492289ce1abb45625bb75e272c":"","hero_alignment1":"left","hero_alignment2":"center","hero_height":"230px","page_title_bg_type":"color","custom_hero_background":{"attachment_id":null},"parallax":{"desktop":false,"tablet":false,"mobile":false},"pageTitleFont":{"family":"Default","variation":"Default","size":{"desktop":"32px","tablet":"30px","mobile":"25px"},"line-height":"1.3","letter-spacing":"CT_CSS_SKIP_RULE","text-transform":"CT_CSS_SKIP_RULE","text-decoration":"CT_CSS_SKIP_RULE"},"pageTitleFontColor":{"default":{"color":"CT_CSS_SKIP_RULEDEFAULT"}},"pageMetaFont":{"family":"Default","variation":"n6","size":{"desktop":"12px","tablet":"12px","mobile":"12px"},"line-height":"1.3","letter-spacing":"CT_CSS_SKIP_RULE","text-transform":"uppercase","text-decoration":"CT_CSS_SKIP_RULE"},"pageMetaFontColor":{"default":{"color":"CT_CSS_SKIP_RULEDEFAULT"},"hover":{"color":"CT_CSS_SKIP_RULEDEFAULT"}},"pageExcerptFont":{"family":"Default","variation":"n5","size":"CT_CSS_SKIP_RULE","line-height":"CT_CSS_SKIP_RULE","letter-spacing":"CT_CSS_SKIP_RULE","text-transform":"CT_CSS_SKIP_RULE","text-decoration":"CT_CSS_SKIP_RULE"},"pageExcerptColor":{"default":{"color":"CT_CSS_SKIP_RULEDEFAULT"}},"breadcrumbsFont":{"family":"Default","variation":"n6","size":"12px","line-height":"CT_CSS_SKIP_RULE","letter-spacing":"CT_CSS_SKIP_RULE","text-transform":"uppercase","text-decoration":"CT_CSS_SKIP_RULE"},"breadcrumbsFontColor":{"default":{"color":"CT_CSS_SKIP_RULEDEFAULT"},"initial":{"color":"CT_CSS_SKIP_RULEDEFAULT"},"hover":{"color":"CT_CSS_SKIP_RULEDEFAULT"}},"pageTitleOverlay":{"default":{"color":"rgba(41, 51, 60, 0.2)"}},"pageTitleBackground":{"background_type":"color","background_pattern":"type-1","background_image":{"attachment_id":null,"x":0,"y":0},"background_repeat":"no-repeat","background_size":"auto","background_attachment":"scroll","patternColor":{"default":{"color":"#e5e7ea"}},"backgroundColor":{"default":{"color":"#EDEFF2"}}},"9f295cc505ae8b5daf38b0c04cd25021":"","page_structure_type":"default","page_enable_vertical_spacing":"no","a9c0946c09a5dd93c89394c828ac3b3b":"","disable_featured_image":"no","91ed852e6db2e3cc28dc8c837a8ff26b":"","b5e77ea5751bd78ac5d492f7cca2f96f":"","hero_structure":"narrow","b0567bd6760dbf4b4e517f4227ac69ec":"","content_style":"inherit","vertical_spacing_source":"custom","content_area_spacing":"none","background":{"background_type":"color","background_pattern":"type-1","background_image":{"attachment_id":null,"x":0,"y":0},"background_repeat":"no-repeat","background_size":"auto","background_attachment":"scroll","patternColor":{"default":{"color":"#e5e7ea"}},"backgroundColor":{"default":{"color":"CT_CSS_SKIP_RULE"}}},"content_background":{"background_type":"color","background_pattern":"type-1","background_image":{"attachment_id":null,"x":0,"y":0},"background_repeat":"no-repeat","background_size":"auto","background_attachment":"scroll","patternColor":{"default":{"color":"#e5e7ea"}},"backgroundColor":{"default":{"color":"#ffffff"}}},"content_boxed_spacing":{"desktop":"40px","tablet":"35px","mobile":"20px"},"content_boxed_radius":{"top":"3px","bottom":"3px","left":"3px","right":"3px","linked":true},"content_boxed_shadow":{"blur":18,"spread":-6,"v_offset":12,"h_offset":0,"inset":false,"enable":true,"color":{"color":"rgba(34, 56, 101, 0.04)"}},"078d2c48debb838577df945f343fe69c":"","styles_descriptor":{"styles":{"desktop":"","tablet":"","mobile":""},"google_fonts":[],"version":5}},"yoast_head":"<!-- This site is optimized with the Yoast SEO plugin v21.8.1 - https:\/\/yoast.com\/wordpress\/plugins\/seo\/ -->\n<title>Karriere - In-Reach<\/title>\n<meta name=\"robots\" content=\"index, follow, max-snippet:-1, max-image-preview:large, max-video-preview:-1\" \/>\n<link rel=\"canonical\" href=\"https:\/\/in-reach.info\/?page_id=482\" \/>\n<meta property=\"og:locale\" content=\"de_DE\" \/>\n<meta property=\"og:type\" content=\"article\" \/>\n<meta property=\"og:title\" content=\"Karriere - In-Reach\" \/>\n<meta property=\"og:url\" content=\"https:\/\/in-reach.info\/?page_id=482\" \/>\n<meta property=\"og:site_name\" content=\"In-Reach\" \/>\n<meta property=\"article:modified_time\" content=\"2022-06-23T10:16:12+00:00\" \/>\n<meta property=\"og:image\" content=\"https:\/\/in-reach.info\/wp-content\/uploads\/2022\/03\/data-technology-blue-background-with-hacker-remixed-media-scaled.jpg\" \/>\n<meta name=\"twitter:card\" content=\"summary_large_image\" \/>\n<meta name=\"twitter:label1\" content=\"Gesch\u00e4tzte Lesezeit\" \/>\n\t<meta name=\"twitter:data1\" content=\"5\u00a0Minuten\" \/>\n<script type=\"application\/ld+json\" class=\"yoast-schema-graph\">{\"@context\":\"https:\/\/schema.org\",\"@graph\":[{\"@type\":\"WebPage\",\"@id\":\"https:\/\/in-reach.info\/?page_id=482\",\"url\":\"https:\/\/in-reach.info\/?page_id=482\",\"name\":\"Karriere - In-Reach\",\"isPartOf\":{\"@id\":\"https:\/\/in-reach.info\/#website\"},\"datePublished\":\"2022-03-26T16:21:02+00:00\",\"dateModified\":\"2022-06-23T10:16:12+00:00\",\"breadcrumb\":{\"@id\":\"https:\/\/in-reach.info\/?page_id=482#breadcrumb\"},\"inLanguage\":\"de\",\"potentialAction\":[{\"@type\":\"ReadAction\",\"target\":[\"https:\/\/in-reach.info\/?page_id=482\"]}]},{\"@type\":\"BreadcrumbList\",\"@id\":\"https:\/\/in-reach.info\/?page_id=482#breadcrumb\",\"itemListElement\":[{\"@type\":\"ListItem\",\"position\":1,\"name\":\"Startseite\",\"item\":\"https:\/\/in-reach.info\/\"},{\"@type\":\"ListItem\",\"position\":2,\"name\":\"Karriere\"}]},{\"@type\":\"WebSite\",\"@id\":\"https:\/\/in-reach.info\/#website\",\"url\":\"https:\/\/in-reach.info\/\",\"name\":\"In-Reach\",\"description\":\"Wir digitalisieren Ihr Unternehmen\",\"publisher\":{\"@id\":\"https:\/\/in-reach.info\/#organization\"},\"potentialAction\":[{\"@type\":\"SearchAction\",\"target\":{\"@type\":\"EntryPoint\",\"urlTemplate\":\"https:\/\/in-reach.info\/?s={search_term_string}\"},\"query-input\":\"required name=search_term_string\"}],\"inLanguage\":\"de\"},{\"@type\":\"Organization\",\"@id\":\"https:\/\/in-reach.info\/#organization\",\"name\":\"In-Reach\",\"url\":\"https:\/\/in-reach.info\/\",\"logo\":{\"@type\":\"ImageObject\",\"inLanguage\":\"de\",\"@id\":\"https:\/\/in-reach.info\/#\/schema\/logo\/image\/\",\"url\":\"https:\/\/in-reach.info\/wp-content\/uploads\/2022\/06\/MicrosoftTeams-image-8.png\",\"contentUrl\":\"https:\/\/in-reach.info\/wp-content\/uploads\/2022\/06\/MicrosoftTeams-image-8.png\",\"width\":4000,\"height\":925,\"caption\":\"In-Reach\"},\"image\":{\"@id\":\"https:\/\/in-reach.info\/#\/schema\/logo\/image\/\"}}]}<\/script>\n<!-- \/ Yoast SEO plugin. -->","yoast_head_json":{"title":"Karriere - In-Reach","robots":{"index":"index","follow":"follow","max-snippet":"max-snippet:-1","max-image-preview":"max-image-preview:large","max-video-preview":"max-video-preview:-1"},"canonical":"https:\/\/in-reach.info\/?page_id=482","og_locale":"de_DE","og_type":"article","og_title":"Karriere - In-Reach","og_url":"https:\/\/in-reach.info\/?page_id=482","og_site_name":"In-Reach","article_modified_time":"2022-06-23T10:16:12+00:00","og_image":[{"url":"https:\/\/in-reach.info\/wp-content\/uploads\/2022\/03\/data-technology-blue-background-with-hacker-remixed-media-scaled.jpg"}],"twitter_card":"summary_large_image","twitter_misc":{"Gesch\u00e4tzte Lesezeit":"5\u00a0Minuten"},"schema":{"@context":"https:\/\/schema.org","@graph":[{"@type":"WebPage","@id":"https:\/\/in-reach.info\/?page_id=482","url":"https:\/\/in-reach.info\/?page_id=482","name":"Karriere - In-Reach","isPartOf":{"@id":"https:\/\/in-reach.info\/#website"},"datePublished":"2022-03-26T16:21:02+00:00","dateModified":"2022-06-23T10:16:12+00:00","breadcrumb":{"@id":"https:\/\/in-reach.info\/?page_id=482#breadcrumb"},"inLanguage":"de","potentialAction":[{"@type":"ReadAction","target":["https:\/\/in-reach.info\/?page_id=482"]}]},{"@type":"BreadcrumbList","@id":"https:\/\/in-reach.info\/?page_id=482#breadcrumb","itemListElement":[{"@type":"ListItem","position":1,"name":"Startseite","item":"https:\/\/in-reach.info\/"},{"@type":"ListItem","position":2,"name":"Karriere"}]},{"@type":"WebSite","@id":"https:\/\/in-reach.info\/#website","url":"https:\/\/in-reach.info\/","name":"In-Reach","description":"Wir digitalisieren Ihr Unternehmen","publisher":{"@id":"https:\/\/in-reach.info\/#organization"},"potentialAction":[{"@type":"SearchAction","target":{"@type":"EntryPoint","urlTemplate":"https:\/\/in-reach.info\/?s={search_term_string}"},"query-input":"required name=search_term_string"}],"inLanguage":"de"},{"@type":"Organization","@id":"https:\/\/in-reach.info\/#organization","name":"In-Reach","url":"https:\/\/in-reach.info\/","logo":{"@type":"ImageObject","inLanguage":"de","@id":"https:\/\/in-reach.info\/#\/schema\/logo\/image\/","url":"https:\/\/in-reach.info\/wp-content\/uploads\/2022\/06\/MicrosoftTeams-image-8.png","contentUrl":"https:\/\/in-reach.info\/wp-content\/uploads\/2022\/06\/MicrosoftTeams-image-8.png","width":4000,"height":925,"caption":"In-Reach"},"image":{"@id":"https:\/\/in-reach.info\/#\/schema\/logo\/image\/"}}]}},"_links":{"self":[{"href":"https:\/\/in-reach.info\/index.php?rest_route=\/wp\/v2\/pages\/482"}],"collection":[{"href":"https:\/\/in-reach.info\/index.php?rest_route=\/wp\/v2\/pages"}],"about":[{"href":"https:\/\/in-reach.info\/index.php?rest_route=\/wp\/v2\/types\/page"}],"author":[{"embeddable":true,"href":"https:\/\/in-reach.info\/index.php?rest_route=\/wp\/v2\/users\/1"}],"replies":[{"embeddable":true,"href":"https:\/\/in-reach.info\/index.php?rest_route=%2Fwp%2Fv2%2Fcomments&post=482"}],"version-history":[{"count":12,"href":"https:\/\/in-reach.info\/index.php?rest_route=\/wp\/v2\/pages\/482\/revisions"}],"predecessor-version":[{"id":857,"href":"https:\/\/in-reach.info\/index.php?rest_route=\/wp\/v2\/pages\/482\/revisions\/857"}],"wp:attachment":[{"href":"https:\/\/in-reach.info\/index.php?rest_route=%2Fwp%2Fv2%2Fmedia&parent=482"}],"curies":[{"name":"wp","href":"https:\/\/api.w.org\/{rel}","templated":true}]}}