{"id":349,"date":"2020-05-14T16:14:07","date_gmt":"2020-05-14T16:14:07","guid":{"rendered":"https:\/\/demo.creativethemes.com\/blocksy\/app\/?page_id=3"},"modified":"2022-03-28T08:50:48","modified_gmt":"2022-03-28T08:50:48","slug":"datenschutzvereinbarung","status":"publish","type":"page","link":"https:\/\/in-reach.info\/?page_id=349","title":{"rendered":"Datenschutzvereinbarung"},"content":{"rendered":"\n<p>Wir freuen uns \u00fcber Ihren Besuch auf unserer Webseite und Ihr Interesse an unserem Leistungsangebot. Beim Umgang mit Ihren Daten sind wir um gr\u00f6\u00dftm\u00f6gliche Sicherheit bem\u00fcht. Die Verarbeitung Ihrer Daten erfolgt nach den einschl\u00e4gigen gesetzlichen Bestimmungen.<\/p>\n\n\n\n<p>Soweit wir zur Durchf\u00fchrung und Abwicklung von Verarbeitungsprozessen Dienstleister in Anspruch nehmen, gelten f\u00fcr diese dieselben strengen Regelungen zur Einhaltung der Datenschutzgesetze.<\/p>\n\n\n\n<p>Die Nutzung unserer Webseite ist in der Regel ohne Angabe personenbezogener Daten m\u00f6glich. Soweit auf unseren Seiten personenbezogene Daten (beispielsweise Name, Anschrift oder E-Mail-Adressen) erhoben werden, erfolgt dies stets auf freiwilliger Basis. Diese Daten werden ohne Ihre ausdr\u00fcckliche Zustimmung nicht an Dritte weitergegeben.<\/p>\n\n\n\n<h6 class=\"wp-block-heading\">Umfang der Verarbeitung personenbezogener Daten<\/h6>\n\n\n\n<p>Wir erheben personenbezogene Daten unserer Nutzer grunds\u00e4tzlich nur, soweit dies zur Bereitstellung einer funktionsf\u00e4higen Webseite sowie unserer Inhalte und Leistungen erforderlich ist. Die Erhebung personenbezogener Daten unserer Nutzer erfolgt regelm\u00e4\u00dfig nur nach Einverst\u00e4ndniserkl\u00e4rung des Nutzers. Diese Einverst\u00e4ndniserkl\u00e4rung gilt auch f\u00fcr Folgebesuche unseres Internetauftritts.<\/p>\n\n\n\n<p>Bereitstellung der Website und Erstellung von Logfiles<\/p>\n\n\n\n<p>Server-Logfiles protokollieren alle Anfragen und Zugriffe der Seitenbesucher und halten s\u00e4mtliche Fehlermeldungen einer Webseite fest. Wir behalten uns das Recht vor, diese Daten bei Verdacht auf eine rechtswidrige Nutzung unseres Internetauftrittes nachtr\u00e4glich zu kontrollieren und an befugte Dritte weiterzugeben. Rechtsgrundlage f\u00fcr die vor\u00fcbergehende Speicherung der Daten und der Logfiles ist Art. 6 Abs. 1 Satz 1 lit. f DS-GVO. Die vor\u00fcbergehende Speicherung der IP-Adresse durch das System ist notwendig, um eine Auslieferung der Website an den Rechner des Nutzers zu erm\u00f6glichen. Hierf\u00fcr m\u00fcssen Teile der IP-Adresse des Nutzers f\u00fcr die Dauer der Sitzung gespeichert bleiben. Die Speicherung in Logfiles erfolgt, um die Funktionsf\u00e4higkeit der Website sicherzustellen. Zudem dienen uns die Daten zur Optimierung der Website und zur Sicherstellung der Sicherheit unserer informationstechnischen Systeme. Eine Auswertung der Daten zu Marketingzwecken findet in diesem Zusammenhang nicht statt.<\/p>\n\n\n\n<p>Die Daten werden gel\u00f6scht, sobald sie f\u00fcr die Erreichung des Zweckes ihrer Erhebung nicht mehr erforderlich sind. Im Falle der Erfassung der Daten zur Bereitstellung der Website ist dies der Fall, wenn die jeweilige Sitzung beendet ist.<\/p>\n\n\n\n<p>Eine Speicherung von IP-Adressen in Logfiles erfolgt lediglich verfremdet, so dass eine Zuordnung des aufrufenden Clients nicht mehr m\u00f6glich ist.<\/p>\n\n\n\n<p>Kontaktformular<\/p>\n\n\n\n<p>Treten Sie per E-Mail oder Kontaktformular mit uns in Verbindung, so speichern wir Ihre diesbez\u00fcglichen Angaben (Pflichtfelder des Kontaktformulars: Name, E-Mail-Adresse und Nachricht) zur Bearbeitung der Anfrage sowie f\u00fcr m\u00f6gliche Anschlussfragen. Die Datenverarbeitung zum Zwecke der Kontaktaufnahme mit uns erfolgt nach Art. 6 Abs. 1 Satz 1 lit. a DS-GVO auf Grundlage Ihrer freiwillig erteilten Einwilligung. Nach Erledigung der von Ihnen gestellten Anfrage werden die Daten unter Beachtung der gesetzlichen oder beh\u00f6rdlichen Aufbewahrungsfristen gel\u00f6scht.<\/p>\n\n\n\n<p>Wir weisen Sie darauf hin, dass Nachrichten, die Sie uns \u00fcber unsere Seiten per E-Mail senden, unverschl\u00fcsselt an uns geleitet werden. Bitte beachten Sie, dass diese unter Umst\u00e4nden beim Transport durch das weltweite Internet von Dritten gelesen, eventuell sogar verf\u00e4lscht werden k\u00f6nnen. Bei vertraulichen Nachrichten empfehlen wir Ihnen daher, den Postweg zu nutzen.<\/p>\n\n\n\n<p>Einbindung fremder Inhalte<\/p>\n\n\n\n<p>Auf unserer Internetseite binden wir zum Teil fremde Inhalte ein (z.B. Videos aus YouTube). Diese Diensteanbieter k\u00f6nnen Cookies auf dem Rechner des Nutzers speichern. Auf diese Speicherung k\u00f6nnen wir keinen Einfluss nehmen. Diese Datenschutzerkl\u00e4rung regelt nicht das Erheben, die Weitergabe oder den Umgang personenbezogener Daten durch Dritte. Bitte pr\u00fcfen Sie die Datenschutzerkl\u00e4rung der jeweils verantwortlichen Stelle.<\/p>\n\n\n\n<p>Google Analytics<\/p>\n\n\n\n<p>Soweit Sie Ihre Einwilligung erkl\u00e4rt haben, wird auf dieser Website Google Analytics eingesetzt, ein Webanalysedienst der Google LLC (\u201eGoogle\u201c). Die Nutzung umfasst die Betriebsart \u201eUniversal Analytics\u201c. Hierdurch ist es m\u00f6glich, Daten, Sitzungen und Interaktionen \u00fcber mehrere Ger\u00e4te hinweg einer pseudonymen User-ID zuzuordnen und so die Aktivit\u00e4ten eines Nutzers ger\u00e4te\u00fcbergreifend zu analysieren.<\/p>\n\n\n\n<p>Google Analytics verwendet sog. \u201eCookies\u201c, Textdateien, die auf Ihrem Computer gespeichert werden und die eine Analyse der Benutzung der Website durch Sie erm\u00f6glichen. Die durch das Cookie erzeugten Informationen \u00fcber Ihre Benutzung dieser Website werden in der Regel an einen Server von Google in den USA \u00fcbertragen und dort gespeichert. Im Falle der Aktivierung der IP-Anonymisierung auf dieser Website, wird Ihre IP-Adresse von Google jedoch innerhalb von Mitgliedstaaten der Europ\u00e4ischen Union oder in anderen Vertragsstaaten des Abkommens \u00fcber den Europ\u00e4ischen Wirtschaftsraum zuvor gek\u00fcrzt. Nur in Ausnahmef\u00e4llen wird die volle IP-Adresse an einen Server von Google in den USA \u00fcbertragen und dort gek\u00fcrzt. Wir weisen Sie darauf hin, dass auf dieser Webseite Google Analytics um eine IP-Anonymisierung erweitert wurde, um eine anonymisierte Erfassung von IP-Adressen (sog. IP-Masking) zu gew\u00e4hrleisten. Die im Rahmen von Google Analytics von Ihrem Browser \u00fcbermittelte IP-Adresse wird nicht mit anderen Daten von Google zusammengef\u00fchrt. N\u00e4here Informationen zu Nutzungsbedingungen und Datenschutz finden Sie unter https:\/\/www.google.com\/analytics\/terms\/de.html bzw. unter https:\/\/policies.google.com\/?hl=de.<\/p>\n\n\n\n<p>Zwecke der Verarbeitung mit Google Analytics<\/p>\n\n\n\n<p>Im Auftrag des Betreibers dieser Website wird Google diese Informationen benutzen, um Ihre Nutzung der Website auszuwerten, um Reports \u00fcber die Websiteaktivit\u00e4ten zusammenzustellen und um weitere mit der Websitenutzung und der Internetnutzung verbundene Dienstleistungen gegen\u00fcber dem Websitebetreiber zu erbringen.<\/p>\n\n\n\n<p>Rechtsgrundlage mit Google Analytics<\/p>\n\n\n\n<p>Die Rechtsgrundlage f\u00fcr den Einsatz von Google Analytics ist Ihre Einwilligung gem\u00e4\u00df Art. 6 Abs. 1 S.1 lit. a DSGVO.<\/p>\n\n\n\n<p>Empf\u00e4nger \/ Kategorien von Empf\u00e4ngern<\/p>\n\n\n\n<p>Der Empf\u00e4nger der erhobenen Daten ist Google.<\/p>\n\n\n\n<p>\u00dcbermittlung in Drittstaaten<\/p>\n\n\n\n<p>Die personenbezogenen Daten werden unter dem EU-US Privacy Shield auf Grundlage des Angemessenheitsbeschlusses der Europ\u00e4ischen Kommission in die USA \u00fcbermittelt. Das Zertifikat k\u00f6nnen Sie hier abrufen.<\/p>\n\n\n\n<p>Dauer der Datenspeicherung bei Google Analytics<\/p>\n\n\n\n<p>Die von uns gesendeten und mit Cookies, Nutzerkennungen (z. B. User-ID) oder Werbe-IDs verkn\u00fcpften Daten werden nach 14 Monaten automatisch gel\u00f6scht. Die L\u00f6schung von Daten, deren Aufbewahrungsdauer erreicht ist, erfolgt automatisch einmal im Monat. Betroffenenrechte bei Google Analytics<\/p>\n\n\n\n<p>Sie k\u00f6nnen Ihre Einwilligung jederzeit mit Wirkung f\u00fcr die Zukunft widerrufen, indem Sie die Speicherung der Cookies durch eine entsprechende Einstellung Ihrer Browser-Software verhindern.<\/p>\n\n\n\n<p>Sie k\u00f6nnen dar\u00fcber hinaus die Erfassung der durch das Cookie erzeugten und auf Ihre Nutzung der Website bezogenen Daten (inkl. Ihrer IP-Adresse) an Google sowie die Verarbeitung dieser Daten durch Google verhindern, indem Sie das Browser-Add-on herunterladen und installieren. Opt-Out-Cookies verhindern die zuk\u00fcnftige Erfassung Ihrer Daten beim Besuch dieser Website. Um die Erfassung durch Universal Analytics \u00fcber verschiedene Ger\u00e4te hinweg zu verhindern, m\u00fcssen Sie das Opt-Out auf allen genutzten Systemen durchf\u00fchren. Wenn Sie hier klicken, wird das Opt-Out-Cookie gesetzt: Google Analytics deaktivieren.<\/p>\n\n\n\n<p>Speicherung der Daten<\/p>\n\n\n\n<p>Wir halten uns an die Grunds\u00e4tze der Datenvermeidung und Datensparsamkeit. Wir speichern Ihre personenbezogenen Daten daher nur so lange, wie dies zur Erreichung der hierin genannten Zwecke erforderlich ist oder wie es die vom Gesetzgeber vorgesehenen vielf\u00e4ltigen Speicherfristen vorsehen. Nach Fortfall des jeweiligen Zweckes bzw. Ablauf dieser Fristen werden die entsprechenden Daten routinem\u00e4\u00dfig und entsprechend den gesetzlichen Vorschriften gel\u00f6scht.<\/p>\n\n\n\n<p>Weitergabe personenbezogener Daten<\/p>\n\n\n\n<p>Eine Weitergabe Ihrer Daten an Dritte erfolgt nicht, es sei denn wir sind hierzu gesetzlich verpflichtet oder Sie haben uns vorher Ihre ausdr\u00fcckliche Einwilligung in die Weiterleitung erteilt.<\/p>\n\n\n\n<p>Betroffenenrechte<\/p>\n\n\n\n<p>Nach der EU-Datenschutzgrundverordnung stehen Ihnen mehrere Rechte zu. Werden Ihre personenbezogenen Daten verarbeitet, so haben Sie das Recht Auskunft \u00fcber die zu Ihrer Person gespeicherten Daten zu erhalten (Art. 15 DSGVO). Sollten unrichtige personenbezogene Daten verarbeitet werden, steht Ihnen ein Recht auf Berichtigung zu (Art. 16 DSGVO). Liegen die gesetzlichen Voraussetzungen vor, so k\u00f6nnen Sie die L\u00f6schung oder Einschr\u00e4nkung der Verarbeitung verlangen sowie Widerspruch gegen die Verarbeitung einlegen (Art. 17, 18 und 21 DSGVO). Wenn Sie in die Datenverarbeitung eingewilligt haben oder ein Vertrag zur Datenverarbeitung besteht und die Datenverarbeitung mithilfe automatisierter Verfahren durchgef\u00fchrt wird, steht Ihnen gegebenenfalls ein Recht auf Daten\u00fcbertragbarkeit zu (Art. 20 DSGVO).<\/p>\n\n\n\n<p>Schadenminderungspflicht<\/p>\n\n\n\n<p>Im Interesse eines fairen Miteinanders bitten wir Sie, sich im Falle von Wettbewerbs- oder urheberrechtlichen Beanstandungen oder \u00c4hnlichem, z.B. DSGVO, mit uns vorab in Verbindung zu setzen.<\/p>\n\n\n\n<p>Wir weisen darauf hin, dass wir im Fall, dass wir nicht vorab kontaktiert wurden, auf Grund des Versto\u00dfes gegen die Schadensminderungspflicht keine Rechtsanwaltskosten erstatten.<\/p>\n\n\n\n<p>\u00c4nderung unserer Datenschutzbestimmungen<\/p>\n\n\n\n<p>Wir behalten uns vor, diese Datenschutzerkl\u00e4rung gelegentlich anzupassen, damit sie stets den aktuellen rechtlichen Anforderungen entspricht oder um \u00c4nderungen unserer Leistungen in der Datenschutzerkl\u00e4rung umzusetzen, z.B. bei der Einf\u00fchrung neuer Services. F\u00fcr Ihren erneuten Besuch gilt dann die neue Datenschutzerkl\u00e4rung.<\/p>\n\n\n\n<p>Kontakt bei Fragen zum Datenschutz<\/p>\n\n\n\n<p>Wenn Sie Fragen zu Ihren Daten oder allgemein zum Thema Datenschutz haben, stehen wir Ihnen gerne zur Verf\u00fcgung:<\/p>\n\n\n\n<p>in-Reach UG (haftungsbeschr\u00e4nkt) &amp; Co. KG&nbsp;<br>Arkadius Schel&nbsp;<br>Email: info@in-reach.de&nbsp;<br>Telefon: +49 160 95028710<\/p>\n","protected":false},"excerpt":{"rendered":"<p>Wir freuen uns \u00fcber Ihren Besuch auf unserer Webseite und Ihr Interesse an unserem Leistungsangebot. Beim Umgang mit Ihren Daten sind wir um gr\u00f6\u00dftm\u00f6gliche Sicherheit bem\u00fcht. Die Verarbeitung Ihrer Daten erfolgt nach den einschl\u00e4gigen gesetzlichen Bestimmungen. Soweit wir zur Durchf\u00fchrung und Abwicklung von Verarbeitungsprozessen Dienstleister in Anspruch nehmen, gelten f\u00fcr diese dieselben strengen Regelungen zur Einhaltung der Datenschutzgesetze. Die Nutzung unserer Webseite ist in der Regel ohne Angabe personenbezogener Daten m\u00f6glich. Soweit auf unseren Seiten personenbezogene Daten (beispielsweise Name, Anschrift oder E-Mail-Adressen) erhoben werden, erfolgt dies stets auf freiwilliger Basis. Diese Daten werden ohne Ihre ausdr\u00fcckliche Zustimmung nicht an Dritte\u2026<\/p>\n","protected":false},"author":1,"featured_media":0,"parent":0,"menu_order":0,"comment_status":"closed","ping_status":"closed","template":"","meta":[],"blocksy_meta":{"styles_descriptor":{"styles":{"desktop":"","tablet":"","mobile":""},"google_fonts":[],"version":5}},"yoast_head":"<!-- This site is optimized with the Yoast SEO plugin v21.8.1 - https:\/\/yoast.com\/wordpress\/plugins\/seo\/ -->\n<title>Datenschutzvereinbarung - In-Reach<\/title>\n<meta name=\"robots\" content=\"index, follow, max-snippet:-1, max-image-preview:large, max-video-preview:-1\" \/>\n<link rel=\"canonical\" href=\"https:\/\/in-reach.info\/?page_id=349\" \/>\n<meta property=\"og:locale\" content=\"de_DE\" \/>\n<meta property=\"og:type\" content=\"article\" \/>\n<meta property=\"og:title\" content=\"Datenschutzvereinbarung - In-Reach\" \/>\n<meta property=\"og:description\" content=\"Wir freuen uns \u00fcber Ihren Besuch auf unserer Webseite und Ihr Interesse an unserem Leistungsangebot. Beim Umgang mit Ihren Daten sind wir um gr\u00f6\u00dftm\u00f6gliche Sicherheit bem\u00fcht. Die Verarbeitung Ihrer Daten erfolgt nach den einschl\u00e4gigen gesetzlichen Bestimmungen. Soweit wir zur Durchf\u00fchrung und Abwicklung von Verarbeitungsprozessen Dienstleister in Anspruch nehmen, gelten f\u00fcr diese dieselben strengen Regelungen zur Einhaltung der Datenschutzgesetze. Die Nutzung unserer Webseite ist in der Regel ohne Angabe personenbezogener Daten m\u00f6glich. Soweit auf unseren Seiten personenbezogene Daten (beispielsweise Name, Anschrift oder E-Mail-Adressen) erhoben werden, erfolgt dies stets auf freiwilliger Basis. Diese Daten werden ohne Ihre ausdr\u00fcckliche Zustimmung nicht an Dritte\u2026\" \/>\n<meta property=\"og:url\" content=\"https:\/\/in-reach.info\/?page_id=349\" \/>\n<meta property=\"og:site_name\" content=\"In-Reach\" \/>\n<meta property=\"article:modified_time\" content=\"2022-03-28T08:50:48+00:00\" \/>\n<meta name=\"twitter:card\" content=\"summary_large_image\" \/>\n<meta name=\"twitter:label1\" content=\"Gesch\u00e4tzte Lesezeit\" \/>\n\t<meta name=\"twitter:data1\" content=\"8\u00a0Minuten\" \/>\n<script type=\"application\/ld+json\" class=\"yoast-schema-graph\">{\"@context\":\"https:\/\/schema.org\",\"@graph\":[{\"@type\":\"WebPage\",\"@id\":\"https:\/\/in-reach.info\/?page_id=349\",\"url\":\"https:\/\/in-reach.info\/?page_id=349\",\"name\":\"Datenschutzvereinbarung - In-Reach\",\"isPartOf\":{\"@id\":\"https:\/\/in-reach.info\/#website\"},\"datePublished\":\"2020-05-14T16:14:07+00:00\",\"dateModified\":\"2022-03-28T08:50:48+00:00\",\"breadcrumb\":{\"@id\":\"https:\/\/in-reach.info\/?page_id=349#breadcrumb\"},\"inLanguage\":\"de\",\"potentialAction\":[{\"@type\":\"ReadAction\",\"target\":[\"https:\/\/in-reach.info\/?page_id=349\"]}]},{\"@type\":\"BreadcrumbList\",\"@id\":\"https:\/\/in-reach.info\/?page_id=349#breadcrumb\",\"itemListElement\":[{\"@type\":\"ListItem\",\"position\":1,\"name\":\"Startseite\",\"item\":\"https:\/\/in-reach.info\/\"},{\"@type\":\"ListItem\",\"position\":2,\"name\":\"Datenschutzvereinbarung\"}]},{\"@type\":\"WebSite\",\"@id\":\"https:\/\/in-reach.info\/#website\",\"url\":\"https:\/\/in-reach.info\/\",\"name\":\"In-Reach\",\"description\":\"Wir digitalisieren Ihr Unternehmen\",\"publisher\":{\"@id\":\"https:\/\/in-reach.info\/#organization\"},\"potentialAction\":[{\"@type\":\"SearchAction\",\"target\":{\"@type\":\"EntryPoint\",\"urlTemplate\":\"https:\/\/in-reach.info\/?s={search_term_string}\"},\"query-input\":\"required name=search_term_string\"}],\"inLanguage\":\"de\"},{\"@type\":\"Organization\",\"@id\":\"https:\/\/in-reach.info\/#organization\",\"name\":\"In-Reach\",\"url\":\"https:\/\/in-reach.info\/\",\"logo\":{\"@type\":\"ImageObject\",\"inLanguage\":\"de\",\"@id\":\"https:\/\/in-reach.info\/#\/schema\/logo\/image\/\",\"url\":\"https:\/\/in-reach.info\/wp-content\/uploads\/2022\/06\/MicrosoftTeams-image-8.png\",\"contentUrl\":\"https:\/\/in-reach.info\/wp-content\/uploads\/2022\/06\/MicrosoftTeams-image-8.png\",\"width\":4000,\"height\":925,\"caption\":\"In-Reach\"},\"image\":{\"@id\":\"https:\/\/in-reach.info\/#\/schema\/logo\/image\/\"}}]}<\/script>\n<!-- \/ Yoast SEO plugin. -->","yoast_head_json":{"title":"Datenschutzvereinbarung - In-Reach","robots":{"index":"index","follow":"follow","max-snippet":"max-snippet:-1","max-image-preview":"max-image-preview:large","max-video-preview":"max-video-preview:-1"},"canonical":"https:\/\/in-reach.info\/?page_id=349","og_locale":"de_DE","og_type":"article","og_title":"Datenschutzvereinbarung - In-Reach","og_description":"Wir freuen uns \u00fcber Ihren Besuch auf unserer Webseite und Ihr Interesse an unserem Leistungsangebot. Beim Umgang mit Ihren Daten sind wir um gr\u00f6\u00dftm\u00f6gliche Sicherheit bem\u00fcht. Die Verarbeitung Ihrer Daten erfolgt nach den einschl\u00e4gigen gesetzlichen Bestimmungen. Soweit wir zur Durchf\u00fchrung und Abwicklung von Verarbeitungsprozessen Dienstleister in Anspruch nehmen, gelten f\u00fcr diese dieselben strengen Regelungen zur Einhaltung der Datenschutzgesetze. Die Nutzung unserer Webseite ist in der Regel ohne Angabe personenbezogener Daten m\u00f6glich. Soweit auf unseren Seiten personenbezogene Daten (beispielsweise Name, Anschrift oder E-Mail-Adressen) erhoben werden, erfolgt dies stets auf freiwilliger Basis. Diese Daten werden ohne Ihre ausdr\u00fcckliche Zustimmung nicht an Dritte\u2026","og_url":"https:\/\/in-reach.info\/?page_id=349","og_site_name":"In-Reach","article_modified_time":"2022-03-28T08:50:48+00:00","twitter_card":"summary_large_image","twitter_misc":{"Gesch\u00e4tzte Lesezeit":"8\u00a0Minuten"},"schema":{"@context":"https:\/\/schema.org","@graph":[{"@type":"WebPage","@id":"https:\/\/in-reach.info\/?page_id=349","url":"https:\/\/in-reach.info\/?page_id=349","name":"Datenschutzvereinbarung - In-Reach","isPartOf":{"@id":"https:\/\/in-reach.info\/#website"},"datePublished":"2020-05-14T16:14:07+00:00","dateModified":"2022-03-28T08:50:48+00:00","breadcrumb":{"@id":"https:\/\/in-reach.info\/?page_id=349#breadcrumb"},"inLanguage":"de","potentialAction":[{"@type":"ReadAction","target":["https:\/\/in-reach.info\/?page_id=349"]}]},{"@type":"BreadcrumbList","@id":"https:\/\/in-reach.info\/?page_id=349#breadcrumb","itemListElement":[{"@type":"ListItem","position":1,"name":"Startseite","item":"https:\/\/in-reach.info\/"},{"@type":"ListItem","position":2,"name":"Datenschutzvereinbarung"}]},{"@type":"WebSite","@id":"https:\/\/in-reach.info\/#website","url":"https:\/\/in-reach.info\/","name":"In-Reach","description":"Wir digitalisieren Ihr Unternehmen","publisher":{"@id":"https:\/\/in-reach.info\/#organization"},"potentialAction":[{"@type":"SearchAction","target":{"@type":"EntryPoint","urlTemplate":"https:\/\/in-reach.info\/?s={search_term_string}"},"query-input":"required name=search_term_string"}],"inLanguage":"de"},{"@type":"Organization","@id":"https:\/\/in-reach.info\/#organization","name":"In-Reach","url":"https:\/\/in-reach.info\/","logo":{"@type":"ImageObject","inLanguage":"de","@id":"https:\/\/in-reach.info\/#\/schema\/logo\/image\/","url":"https:\/\/in-reach.info\/wp-content\/uploads\/2022\/06\/MicrosoftTeams-image-8.png","contentUrl":"https:\/\/in-reach.info\/wp-content\/uploads\/2022\/06\/MicrosoftTeams-image-8.png","width":4000,"height":925,"caption":"In-Reach"},"image":{"@id":"https:\/\/in-reach.info\/#\/schema\/logo\/image\/"}}]}},"_links":{"self":[{"href":"https:\/\/in-reach.info\/index.php?rest_route=\/wp\/v2\/pages\/349"}],"collection":[{"href":"https:\/\/in-reach.info\/index.php?rest_route=\/wp\/v2\/pages"}],"about":[{"href":"https:\/\/in-reach.info\/index.php?rest_route=\/wp\/v2\/types\/page"}],"author":[{"embeddable":true,"href":"https:\/\/in-reach.info\/index.php?rest_route=\/wp\/v2\/users\/1"}],"replies":[{"embeddable":true,"href":"https:\/\/in-reach.info\/index.php?rest_route=%2Fwp%2Fv2%2Fcomments&post=349"}],"version-history":[{"count":2,"href":"https:\/\/in-reach.info\/index.php?rest_route=\/wp\/v2\/pages\/349\/revisions"}],"predecessor-version":[{"id":511,"href":"https:\/\/in-reach.info\/index.php?rest_route=\/wp\/v2\/pages\/349\/revisions\/511"}],"wp:attachment":[{"href":"https:\/\/in-reach.info\/index.php?rest_route=%2Fwp%2Fv2%2Fmedia&parent=349"}],"curies":[{"name":"wp","href":"https:\/\/api.w.org\/{rel}","templated":true}]}}